{"id":22,"date":"2018-01-10T13:20:39","date_gmt":"2018-01-10T13:20:39","guid":{"rendered":"https:\/\/eis.elvacsolutions.eu\/en\/?page_id=22"},"modified":"2018-01-10T13:20:39","modified_gmt":"2018-01-10T13:20:39","slug":"contact","status":"publish","type":"page","link":"https:\/\/eis.elvacsolutions.eu\/en\/?page_id=22","title":{"rendered":"Contact"},"content":{"rendered":"<div id=\"IP-STATIC-CONTENT\">\n    <div class=\"page-contacts\">\n<div class=\"col-sm-4 no-gutter \">\n<div class=\"address\">\n<address><span class=\"title\"><strong>Company<\/strong><\/span><br \/>\n <a href=\"https:\/\/www.elvac.eu\/portfolio\/software\/kontaktujte-nas\" target=\"_blank\" rel=\"noopener\"><strong>ELVAC SOLUTIONS s.r.o.<\/strong><\/a><br \/>\n member of the <a title=\"ELVAC a.s.\" href=\"http:\/\/www.elvac.eu\/\" target=\"_blank\" rel=\"noopener\">ELVAC<\/a>\n<p>Hasi\u010dsk\u00e1 930\/53<br \/>\n 700 30 Ostrava &#8211; Hrab\u016fvka<br \/>\n Czech Republic<\/p>\n<p>\nCompany ID number:<a href=\"https:\/\/or.justice.cz\/ias\/ui\/rejstrik-dotaz?dotaz=27396649\" target=\"_blank\" rel=\"noopener\">27396649<\/a> <br \/>\nVAT number: <a href=\"https:\/\/or.justice.cz\/ias\/ui\/rejstrik-dotaz?dotaz=27396649\" target=\"_blank\" rel=\"noopener\">CZ27396649<\/a>\n<\/p>\n<\/address>\n\n<\/div>\n\n<p style=\"margin-left: 30px;\"><img decoding=\"async\" src=\"https:\/\/eis.elvacsolutions.eu\/wp-content\/uploads\/qrcode_eis.jpg\" alt=\"QR\" width=\"70%\" \/><\/p>\n\n\n<\/div>                  \n<div class=\"col-sm-4 no-gutter \">  \n\n<p><img decoding=\"async\" src=\"https:\/\/infopanels.eu\/wp-content\/uploads\/2014\/05\/kontakty_budova-300x207.png\" alt=\"Budova\" width=\"100%\"\/><\/p>\n<div class=\"address\">\n<div class=\"map-buttons\">\n<div class=\"button\"><i class=\"icon fa fa-map-marker\"><\/i><span class=\"text\"><a href=\"https:\/\/www.google.cz\/maps\/place\/ELVAC+SOLUTIONS+s.r.o.\/@49.7914686,18.2587108,17z\/data=!3m1!4b1!4m5!3m4!1s0x4713e4b7bbb1bb9d:0x5a592c807edcec21!8m2!3d49.7914686!4d18.2608995?hl=cs\" target=\"_blank\" rel=\"noopener\">map<\/a><\/span><\/div>\n<div class=\"button\"><i class=\"icon fa fa-eye\"><\/i><span class=\"text\"><a href=\"http:\/\/www.mapy.cz\/s\/bkcQ\" target=\"_blank\" rel=\"noopener\">earth<\/a><\/span><\/div>\n<\/div>  <\/div>\n\n<!--<div id=\"DemoButton\" class=\"content-section clearfix\">\n   <div id=\"DemoContainer\">    \n    <a type=\"button\" class=\"send-contact-button\" data-toggle=\"modal\" data-target=\"#demoModal\" style=\"margin-top: 58px;\">\n      <i class=\"fa fa-edit\" style=\"float: left;font-size: 50px;\"><\/i> Kontaktujte n\u00e1s\n    <\/a>\n   <\/div>\n     <\/div> -->\n\n\n\n<\/div>\n\t\n<div class=\"col-sm-4 no-gutter\">\n<div class=\"contacts \">\n<div class=\"item clearfix clearfix no-gutter\">\n<div class=\"title no-gutter col-sm-12\"><strong>Commercial Department<\/strong><\/div>\n<div class=\"contact no-gutter col-sm-12\">\n<div><i class=\"icon fa fa-phone\"><\/i><span class=\"text \">+420\u00a0597\u00a0407\u00a0511<\/span><\/div>\n<div><i class=\"icon fa fa-envelope-o\"><\/i><span class=\"text \"><a href=\"mailto:solutions@elvac.eu\">solutions@elvac.eu<\/a><\/span><\/div>\n<\/div>\n<\/div>\n<div class=\"item clearfix clearfix no-gutter\">\n<div class=\"title no-gutter visible-xs\"><strong>Technical Support<\/strong><\/div>\n<div class=\"title no-gutter hidden-xs col-sm-12\"><strong>Technical Support<\/strong><\/div>\n<div class=\"contact no-gutter col-sm-12\">\n<div><i class=\"icon fa fa-phone\"><\/i><span class=\"text \">+420\u00a0597\u00a0407\u00a0507<\/span><\/div>\n<div><i class=\"icon fa fa-envelope-o\"><\/i><span class=\"text \"><a href=\"mailto:solutions@elvac.eu\">solutions@elvac.eu<\/a><\/span><\/div>\n<\/div>\n<\/div>\n<div class=\"item clearfix clearfix no-gutter\">\n<div class=\"title no-gutter col-sm-12\"><strong>Important links:<\/strong><\/div>\n<div class=\"contact no-gutter col-sm-12\">\n<div><i class=\"icon fa fa-info\"><\/i><a href=\"https:\/\/www.elvac.eu\/Portals\/0\/Docs\/Obecne\/ES_VOP_2017.pdf\" target=\"_blank\" rel=\"noopener\">General Terms and Conditions<\/a><\/div>\n<div><i class=\"icon fa fa-info\"><\/i><a href=\"https:\/\/eis.elvacsolutions.eu\/domains\/eis.elvacsolutions.eu\/ke-stazeni\/\" target=\"_blank\" rel=\"noopener\">License agreement of TechIS<\/a><\/div>\n<div><i class=\"icon fa fa-info\"><\/i><a href=\"https:\/\/helpdesk.elvacsolutions.eu\/\" target=\"_blank\" rel=\"noopener\">Customer HelpDesk<\/a><\/div>\n<\/div>\n<\/div>\n<div class=\"item clearfix clearfix no-gutter\">\n\n<\/div>\n<\/div>\n<\/div> \n\n\n<div class=\"clearfix\">\u00a0<\/div>\n<div class=\"no-gutter\">\u00a0<\/div>\n\n <\/div>\n\n <div id=\"integrators\" class=\"row\">\n    <div class=\"col-sm-12\"style=\"padding:0px 24px;\"><strong>Integrators:<\/strong><\/div> \n    <\/div>\n    \n    <hr style=\"border: 0;\nheight: 1px;\nbackground: #333;\nbackground-image: -webkit-linear-gradient(left, #ccc, #333, #ccc);\nbackground-image: -moz-linear-gradient(left, #ccc, #333, #ccc);\nbackground-image: -ms-linear-gradient(left, #ccc, #333, #ccc);\nbackground-image: -o-linear-gradient(left, #ccc, #333, #ccc);\"> \n    \n \n    \n<div class=\"row\">    \n    <div class=\"col-sm-4 no-gutter \">\n        <img decoding=\"async\" src=\"https:\/\/eis.elvacsolutions.eu\/wp-content\/themes\/eis_theme\/images\/logo_scada.png\" alt=\"scada\" class=\"img-responsive\" align=\"aligncenter\" style=\"width: 86%;padding: 23px 0px;display: block;margin: 0 auto;\" \/>\n     \n    <\/div>\n<div class=\"col-sm-4 no-gutter\" style=\"    text-align: left;\">\n    <p style=\"margin: 0;\"><strong>SCADA Servis s.r.o.<\/strong><\/p>\n    \n<p>\u010cedi\u010dov\u00e1 1378\/6<\/br>\n710 00 Slezsk\u00e1 Ostrava<\/br>\ntel: +420 595 176 473<\/br>\n<a href=\"mailto:info@scadaservis.cz\" >info@scadaservis.cz<\/a><\/p>\n        \n    <\/div>\n<div class=\"col-sm-4 no-gutter\" style=\"text-align:left;\">    \n        <p style=\"text-align: left;padding-top:0px;margin-top: 0;\">SCADA Servis s.r.o. is a supplier of monitoring systems, manufacturing information systems, telemetry and industrial communications.<\/p>        \n<a href=\"http:\/\/www.scadaservis.cz\" target=\"_blank\" rel=\"noopener\">www.scadaservis.cz<\/a>\n<\/div>    \n <\/div>  \n    <div class=\"row\"> \n    <hr style=\"border: 0;\nheight: 1px;\nbackground: #333;\nbackground-image: -webkit-linear-gradient(left, #ccc, #333, #ccc);\nbackground-image: -moz-linear-gradient(left, #ccc, #333, #ccc);\nbackground-image: -ms-linear-gradient(left, #ccc, #333, #ccc);\nbackground-image: -o-linear-gradient(left, #ccc, #333, #ccc);\"> \n    <\/div> \n\t\t<div class=\"row\">    \n    <div class=\"col-sm-4 no-gutter \">\n        <img decoding=\"async\" src=\"https:\/\/www.techis.eu\/wp-content\/themes\/techis-temp_s-child\/images\/ELVAC_SOLUTIONS_logo.svg\" alt=\"scada\" class=\"img-responsive\" align=\"aligncenter\" style=\"width: 86%;display: block;margin: 0 auto;\" \/>\n     \n    <\/div>\n<div class=\"col-sm-4 no-gutter\" style=\"    text-align: left;\">\n    <p style=\"margin: 0;\"><strong>ELVAC SOLUTIONS s.r.o.<\/strong><\/p>\n    \n<p>Hasi\u010dsk\u00e1 930\/53<\/br>\n700 30 Ostrava \u2013 Hrab\u016fvka<\/br>\ntel: +420 597 407 511<\/br>\n<a href=\"mailto:obchod@techis.eu\" >obchod@techis.eu<\/a><\/p>\n        \n    <\/div>\n<div class=\"col-sm-4 no-gutter\" style=\"text-align:left;\">    \n        <p style=\"text-align: justify;padding-top:0px;margin-top: 0;\">ELVAC SOLUTIONS s.r.o. is stable company developing custom information systems and applications. We focus on an individual needs of each customer and offer comprehensive set of professional IT services. We develop our products for leading companies in various industry fields \u2013 air traffic, automotive, mechanical engineering, healthcare and food industry. Don\u00b4t be afraid of change and try out the right solution from professionals!<\/p>        \n<a href=\"https:\/\/www.elvacsolutions.eu\" target=\"_blank\" rel=\"noopener\">www.elvacsolutions.eu<\/a>\n<\/div>    \n <\/div>  \n    <div class=\"row\"> \n    <hr style=\"border: 0;\nheight: 1px;\nbackground: #333;\nbackground-image: -webkit-linear-gradient(left, #ccc, #333, #ccc);\nbackground-image: -moz-linear-gradient(left, #ccc, #333, #ccc);\nbackground-image: -ms-linear-gradient(left, #ccc, #333, #ccc);\nbackground-image: -o-linear-gradient(left, #ccc, #333, #ccc);\"> \n    <p style=\"text-align: center;font-weight: bold;font-size: 18px;\">Would you like to be an integrator of EIS? Contact us by phone +420 597 407 511.<\/p>\n    <\/div>\n\n<\/div>","protected":false},"excerpt":{"rendered":"<p>Company ELVAC SOLUTIONS s.r.o. member of the ELVAC Hasi\u010dsk\u00e1 930\/53 700 30 Ostrava &#8211; Hrab\u016fvka Czech Republic Company ID number:27396649 VAT number: CZ27396649 map earth Commercial Department +420\u00a0597\u00a0407\u00a0511 solutions@elvac.eu Technical Support Technical Support +420\u00a0597\u00a0407\u00a0507 solutions@elvac.eu Important links: General Terms and Conditions License agreement of TechIS Customer HelpDesk \u00a0 \u00a0 Integrators: SCADA Servis s.r.o. \u010cedi\u010dov\u00e1 1378\/6<a class=\"moretag\" href=\"https:\/\/eis.elvacsolutions.eu\/en\/?page_id=22\"> [&#8230;]<\/a><\/p>\n","protected":false},"author":1,"featured_media":0,"parent":0,"menu_order":0,"comment_status":"closed","ping_status":"closed","template":"","meta":{"footnotes":""},"class_list":["post-22","page","type-page","status-publish","hentry"],"_links":{"self":[{"href":"https:\/\/eis.elvacsolutions.eu\/en\/index.php?rest_route=\/wp\/v2\/pages\/22","targetHints":{"allow":["GET"]}}],"collection":[{"href":"https:\/\/eis.elvacsolutions.eu\/en\/index.php?rest_route=\/wp\/v2\/pages"}],"about":[{"href":"https:\/\/eis.elvacsolutions.eu\/en\/index.php?rest_route=\/wp\/v2\/types\/page"}],"author":[{"embeddable":true,"href":"https:\/\/eis.elvacsolutions.eu\/en\/index.php?rest_route=\/wp\/v2\/users\/1"}],"replies":[{"embeddable":true,"href":"https:\/\/eis.elvacsolutions.eu\/en\/index.php?rest_route=%2Fwp%2Fv2%2Fcomments&post=22"}],"version-history":[{"count":0,"href":"https:\/\/eis.elvacsolutions.eu\/en\/index.php?rest_route=\/wp\/v2\/pages\/22\/revisions"}],"wp:attachment":[{"href":"https:\/\/eis.elvacsolutions.eu\/en\/index.php?rest_route=%2Fwp%2Fv2%2Fmedia&parent=22"}],"curies":[{"name":"wp","href":"https:\/\/api.w.org\/{rel}","templated":true}]}}